{"id":18356,"date":"2025-11-20T20:48:52","date_gmt":"2025-11-20T19:48:52","guid":{"rendered":"https:\/\/hofvanaragon.be\/acerca-de\/"},"modified":"2025-11-20T20:48:56","modified_gmt":"2025-11-20T19:48:56","slug":"acerca-de","status":"publish","type":"page","link":"https:\/\/hofvanaragon.be\/es\/acerca-de\/","title":{"rendered":"Acerca de"},"content":{"rendered":"\t\t<div data-elementor-type=\"wp-page\" data-elementor-id=\"18356\" class=\"elementor elementor-18356 elementor-41\" data-elementor-post-type=\"page\">\n\t\t\t\t<div class=\"elementor-element elementor-element-831e5ff e-flex e-con-boxed e-con e-parent\" data-id=\"831e5ff\" data-element_type=\"container\" data-e-type=\"container\" data-settings=\"{&quot;background_background&quot;:&quot;classic&quot;}\">\n\t\t\t\t\t<div class=\"e-con-inner\">\n\t\t\t\t<div class=\"elementor-element elementor-element-15eac19 elementor-widget elementor-widget-heading\" data-id=\"15eac19\" data-element_type=\"widget\" data-e-type=\"widget\" data-widget_type=\"heading.default\">\n\t\t\t\t<div class=\"elementor-widget-container\">\n\t\t\t\t\t<h1 class=\"elementor-heading-title elementor-size-default\">Hof van Aragon&nbsp;<br><div><i style=\"letter-spacing: 0.4px\">Una casa con una rica historia<\/i><br><\/div><div><span style=\"letter-spacing: 0.4px\"><\/span><\/div><\/h1>\t\t\t\t<\/div>\n\t\t\t\t<\/div>\n\t\t\t\t\t<\/div>\n\t\t\t\t<\/div>\n\t\t<div class=\"elementor-element elementor-element-49a7958 e-flex e-con-boxed e-con e-parent\" data-id=\"49a7958\" data-element_type=\"container\" data-e-type=\"container\">\n\t\t\t\t\t<div class=\"e-con-inner\">\n\t\t<div class=\"elementor-element elementor-element-f2f3478 e-con-full e-flex e-con e-child\" data-id=\"f2f3478\" data-element_type=\"container\" data-e-type=\"container\">\n\t\t\t\t<div class=\"elementor-element elementor-element-3874f4e elementor-widget elementor-widget-heading\" data-id=\"3874f4e\" data-element_type=\"widget\" data-e-type=\"widget\" data-widget_type=\"heading.default\">\n\t\t\t\t<div class=\"elementor-widget-container\">\n\t\t\t\t\t<h2 class=\"elementor-heading-title elementor-size-default\">Un lugar hist\u00f3rico<\/h2>\t\t\t\t<\/div>\n\t\t\t\t<\/div>\n\t\t\t\t<div class=\"elementor-element elementor-element-e9bb41a elementor-widget__width-initial elementor-widget-mobile__width-initial elementor-widget elementor-widget-text-editor\" data-id=\"e9bb41a\" data-element_type=\"widget\" data-e-type=\"widget\" data-widget_type=\"text-editor.default\">\n\t\t\t\t<div class=\"elementor-widget-container\">\n\t\t\t\t\t\t\t\t\t<p>Hof van Aragon se fund\u00f3 en 1963, en el antiguo barrio de Lier. El gran sal\u00f3n del Hof van Aragon se encuentra en la calle Arag\u00f3n, n\u00famero seis. Esta casa, antiguamente llamada &#8216;Sint Joris&#8217;, es probablemente la casa original del gremio de ballesteros del mismo nombre.  &nbsp;<span style=\"font-style: inherit; font-family: var( --e-global-typography-text-font-family ), Lato, sans-serif; letter-spacing: var( --e-global-typography-text-letter-spacing );\">En Mosdijk 5 se encuentra el Maegdenhuys. Antiguamente un orfanato para ni\u00f1as, el &#8216;Maegdenhuys&#8217; se ha transformado ahora en un moderno hotel. En 1496, Felipe el Hermoso y Juana de Castilla (Reina de Arag\u00f3n) pasaron su noche de bodas en la calle Arag\u00f3n.  &nbsp;<\/span><\/p>\t\t\t\t\t\t\t\t<\/div>\n\t\t\t\t<\/div>\n\t\t\t\t<\/div>\n\t\t<div class=\"elementor-element elementor-element-685b3f6 e-con-full e-flex e-con e-child\" data-id=\"685b3f6\" data-element_type=\"container\" data-e-type=\"container\">\n\t\t\t\t<div class=\"elementor-element elementor-element-4e2c1de elementor-widget elementor-widget-image\" data-id=\"4e2c1de\" data-element_type=\"widget\" data-e-type=\"widget\" data-widget_type=\"image.default\">\n\t\t\t\t<div class=\"elementor-widget-container\">\n\t\t\t\t\t\t\t\t\t\t\t\t\t\t\t<img fetchpriority=\"high\" decoding=\"async\" width=\"700\" height=\"510\" src=\"https:\/\/hofvanaragon.be\/wp-content\/uploads\/2019\/10\/Oude-doos-3-1-e1586982191303.jpeg\" class=\"attachment-large size-large wp-image-18429\" alt=\"Foto uit de oude doos, zicht op de feestzalen en hotel\" \/>\t\t\t\t\t\t\t\t\t\t\t\t\t\t\t<\/div>\n\t\t\t\t<\/div>\n\t\t\t\t<\/div>\n\t\t\t\t\t<\/div>\n\t\t\t\t<\/div>\n\t\t<div class=\"elementor-element elementor-element-590ae7e e-flex e-con-boxed e-con e-parent\" data-id=\"590ae7e\" data-element_type=\"container\" data-e-type=\"container\">\n\t\t\t\t\t<div class=\"e-con-inner\">\n\t\t<div class=\"elementor-element elementor-element-1577b47 e-con-full e-flex e-con e-child\" data-id=\"1577b47\" data-element_type=\"container\" data-e-type=\"container\">\n\t\t\t\t<div class=\"elementor-element elementor-element-b426626 elementor-widget elementor-widget-image\" data-id=\"b426626\" data-element_type=\"widget\" data-e-type=\"widget\" data-widget_type=\"image.default\">\n\t\t\t\t<div class=\"elementor-widget-container\">\n\t\t\t\t\t\t\t\t\t\t\t\t\t\t\t<img decoding=\"async\" width=\"720\" height=\"960\" src=\"https:\/\/hofvanaragon.be\/wp-content\/uploads\/2025\/10\/416836159_872692160984266_2518776532036282486_n-2.jpg\" class=\"attachment-large size-large wp-image-17940\" alt=\"\" srcset=\"https:\/\/hofvanaragon.be\/wp-content\/uploads\/2025\/10\/416836159_872692160984266_2518776532036282486_n-2.jpg 720w, https:\/\/hofvanaragon.be\/wp-content\/uploads\/2025\/10\/416836159_872692160984266_2518776532036282486_n-2-225x300.jpg 225w, https:\/\/hofvanaragon.be\/wp-content\/uploads\/2025\/10\/416836159_872692160984266_2518776532036282486_n-2-600x800.jpg 600w\" sizes=\"(max-width: 720px) 100vw, 720px\" \/>\t\t\t\t\t\t\t\t\t\t\t\t\t\t\t<\/div>\n\t\t\t\t<\/div>\n\t\t\t\t<\/div>\n\t\t<div class=\"elementor-element elementor-element-72b828a e-con-full e-flex e-con e-child\" data-id=\"72b828a\" data-element_type=\"container\" data-e-type=\"container\" data-settings=\"{&quot;background_background&quot;:&quot;classic&quot;}\">\n\t\t\t\t<div class=\"elementor-element elementor-element-6d69047 elementor-widget__width-initial elementor-widget elementor-widget-text-editor\" data-id=\"6d69047\" data-element_type=\"widget\" data-e-type=\"widget\" data-widget_type=\"text-editor.default\">\n\t\t\t\t<div class=\"elementor-widget-container\">\n\t\t\t\t\t\t\t\t\t<p class=\"p1\"><span class=\"s1\">Hof van Aragon es una verdadera empresa familiar y forma parte del Grupo Rastelli, que con m\u00e1s de un siglo de experiencia en Herentals, Diest, Heist-op-den-Berg y Tervuren garantiza una estancia hospitalaria y cuidada con un servicio ante todo personal.<\/span><\/p>\t\t\t\t\t\t\t\t<\/div>\n\t\t\t\t<\/div>\n\t\t\t\t<div class=\"elementor-element elementor-element-087d578 elementor-widget elementor-widget-image\" data-id=\"087d578\" data-element_type=\"widget\" data-e-type=\"widget\" data-widget_type=\"image.default\">\n\t\t\t\t<div class=\"elementor-widget-container\">\n\t\t\t\t\t\t\t\t\t\t\t\t\t\t\t<img decoding=\"async\" width=\"1\" height=\"1\" src=\"https:\/\/hofvanaragon.be\/wp-content\/uploads\/2019\/10\/rastelli-groep-Banner-liggend-Banner-voor-buiten-liggend.svg\" class=\"attachment-medium size-medium wp-image-18277\" alt=\"\" \/>\t\t\t\t\t\t\t\t\t\t\t\t\t\t\t<\/div>\n\t\t\t\t<\/div>\n\t\t\t\t<\/div>\n\t\t\t\t\t<\/div>\n\t\t\t\t<\/div>\n\t\t<div class=\"elementor-element elementor-element-16dff60 e-flex e-con-boxed e-con e-parent\" data-id=\"16dff60\" data-element_type=\"container\" data-e-type=\"container\" data-settings=\"{&quot;background_background&quot;:&quot;classic&quot;}\">\n\t\t\t\t\t<div class=\"e-con-inner\">\n\t\t<div class=\"elementor-element elementor-element-87a2add e-con-full e-flex e-con e-child\" data-id=\"87a2add\" data-element_type=\"container\" data-e-type=\"container\">\n\t\t\t\t<div class=\"elementor-element elementor-element-0fef549 elementor-widget elementor-widget-heading\" data-id=\"0fef549\" data-element_type=\"widget\" data-e-type=\"widget\" data-widget_type=\"heading.default\">\n\t\t\t\t<div class=\"elementor-widget-container\">\n\t\t\t\t\t<h2 class=\"elementor-heading-title elementor-size-default\">Si reserva en nuestra propia p\u00e1gina web, le garantizamos el mejor precio.<\/h2>\t\t\t\t<\/div>\n\t\t\t\t<\/div>\n\t\t\t\t<div class=\"elementor-element elementor-element-fa25669 elementor-align-center distributor elementor-widget elementor-widget-button\" data-id=\"fa25669\" data-element_type=\"widget\" data-e-type=\"widget\" data-settings=\"{&quot;_animation&quot;:&quot;none&quot;,&quot;_animation_delay&quot;:100}\" data-widget_type=\"button.default\">\n\t\t\t\t<div class=\"elementor-widget-container\">\n\t\t\t\t\t\t\t\t\t<div class=\"elementor-button-wrapper\">\n\t\t\t\t\t<a class=\"elementor-button elementor-button-link elementor-size-md\" href=\"https:\/\/hofvanaragon.be\/es\/habitaciones-y-suites\/\">\n\t\t\t\t\t\t<span class=\"elementor-button-content-wrapper\">\n\t\t\t\t\t\t\t\t\t<span class=\"elementor-button-text\">Reservar ahora<\/span>\n\t\t\t\t\t<\/span>\n\t\t\t\t\t<\/a>\n\t\t\t\t<\/div>\n\t\t\t\t\t\t\t\t<\/div>\n\t\t\t\t<\/div>\n\t\t\t\t<\/div>\n\t\t\t\t\t<\/div>\n\t\t\t\t<\/div>\n\t\t\t\t<\/div>\n\t\t","protected":false},"excerpt":{"rendered":"<p>El Hof van Aragon est\u00e1 situado en el centro hist\u00f3rico de Lier, una hermosa ciudad cerca de Amberes. El \u2018Hof van Aragon\u2019 est\u00e1 situado en la Vismarkt y tiene una rica historia. <\/p>\n","protected":false},"author":1,"featured_media":0,"parent":0,"menu_order":0,"comment_status":"closed","ping_status":"closed","template":"","meta":{"footnotes":""},"class_list":["post-18356","page","type-page","status-publish","hentry"],"jetpack_sharing_enabled":true,"_links":{"self":[{"href":"https:\/\/hofvanaragon.be\/es\/wp-json\/wp\/v2\/pages\/18356","targetHints":{"allow":["GET"]}}],"collection":[{"href":"https:\/\/hofvanaragon.be\/es\/wp-json\/wp\/v2\/pages"}],"about":[{"href":"https:\/\/hofvanaragon.be\/es\/wp-json\/wp\/v2\/types\/page"}],"author":[{"embeddable":true,"href":"https:\/\/hofvanaragon.be\/es\/wp-json\/wp\/v2\/users\/1"}],"replies":[{"embeddable":true,"href":"https:\/\/hofvanaragon.be\/es\/wp-json\/wp\/v2\/comments?post=18356"}],"version-history":[{"count":1,"href":"https:\/\/hofvanaragon.be\/es\/wp-json\/wp\/v2\/pages\/18356\/revisions"}],"predecessor-version":[{"id":18375,"href":"https:\/\/hofvanaragon.be\/es\/wp-json\/wp\/v2\/pages\/18356\/revisions\/18375"}],"wp:attachment":[{"href":"https:\/\/hofvanaragon.be\/es\/wp-json\/wp\/v2\/media?parent=18356"}],"curies":[{"name":"wp","href":"https:\/\/api.w.org\/{rel}","templated":true}]}}